{"id":20989,"date":"2025-10-18T12:10:29","date_gmt":"2025-10-18T12:10:29","guid":{"rendered":"https:\/\/www.naciyebeyazduslermodaevi.com.tr\/?post_type=product&#038;p=20989"},"modified":"2025-10-21T22:30:12","modified_gmt":"2025-10-21T19:30:12","slug":"elena-2","status":"publish","type":"product","link":"https:\/\/www.naciyebeyazduslermodaevi.com.tr\/?product=elena-2","title":{"rendered":"ELENA"},"content":{"rendered":"<p data-start=\"293\" data-end=\"330\"><strong data-start=\"293\" data-end=\"330\">Zarif ve Modern Gelinlik Tasar\u0131m\u0131<\/strong><\/p>\n<p data-start=\"332\" data-end=\"614\">Omuzsuz, straplez tasar\u0131m\u0131yla modern bir g\u00f6r\u00fcn\u00fcm sunan bu gelinlik, bel k\u0131sm\u0131ndaki zarif detaylarla dikkat \u00e7eker. Belden a\u015fa\u011f\u0131ya do\u011fru geni\u015fleyen etek yap\u0131s\u0131 sayesinde hem rahat hem \u015f\u0131k bir duru\u015f sa\u011flar.<\/p>\n<p data-start=\"616\" data-end=\"773\"><strong data-start=\"619\" data-end=\"641\">Ki\u015fiye \u00d6zel Dikim:<\/strong><br data-start=\"641\" data-end=\"644\" \/>Bu gelinlik, tamamen sizin \u00f6l\u00e7\u00fclerinize \u00f6zel olarak dikilmektedir. En mutlu g\u00fcn\u00fcn\u00fczde kendinizi \u00f6zel hissetmeniz i\u00e7in tasarland\u0131.<\/p>\n","protected":false},"excerpt":{"rendered":"<p>Zarif ve Modern Gelinlik Tasar\u0131m\u0131 Omuzsuz, straplez tasar\u0131m\u0131yla modern bir g\u00f6r\u00fcn\u00fcm sunan bu gelinlik, bel k\u0131sm\u0131ndaki zarif detaylarla dikkat \u00e7eker.<\/p>\n","protected":false},"featured_media":20991,"comment_status":"open","ping_status":"closed","template":"","meta":[],"product_brand":[],"product_cat":[15,357,355],"product_tag":[],"class_list":{"0":"post-20989","1":"product","2":"type-product","3":"status-publish","4":"has-post-thumbnail","6":"product_cat-genel","7":"product_cat-a-kesim-gelinlikler","8":"product_cat-gelinlik-modelleri","10":"first","11":"instock","12":"shipping-taxable","13":"product-type-simple"},"_links":{"self":[{"href":"https:\/\/www.naciyebeyazduslermodaevi.com.tr\/index.php?rest_route=\/wp\/v2\/product\/20989","targetHints":{"allow":["GET"]}}],"collection":[{"href":"https:\/\/www.naciyebeyazduslermodaevi.com.tr\/index.php?rest_route=\/wp\/v2\/product"}],"about":[{"href":"https:\/\/www.naciyebeyazduslermodaevi.com.tr\/index.php?rest_route=\/wp\/v2\/types\/product"}],"replies":[{"embeddable":true,"href":"https:\/\/www.naciyebeyazduslermodaevi.com.tr\/index.php?rest_route=%2Fwp%2Fv2%2Fcomments&post=20989"}],"wp:featuredmedia":[{"embeddable":true,"href":"https:\/\/www.naciyebeyazduslermodaevi.com.tr\/index.php?rest_route=\/wp\/v2\/media\/20991"}],"wp:attachment":[{"href":"https:\/\/www.naciyebeyazduslermodaevi.com.tr\/index.php?rest_route=%2Fwp%2Fv2%2Fmedia&parent=20989"}],"wp:term":[{"taxonomy":"product_brand","embeddable":true,"href":"https:\/\/www.naciyebeyazduslermodaevi.com.tr\/index.php?rest_route=%2Fwp%2Fv2%2Fproduct_brand&post=20989"},{"taxonomy":"product_cat","embeddable":true,"href":"https:\/\/www.naciyebeyazduslermodaevi.com.tr\/index.php?rest_route=%2Fwp%2Fv2%2Fproduct_cat&post=20989"},{"taxonomy":"product_tag","embeddable":true,"href":"https:\/\/www.naciyebeyazduslermodaevi.com.tr\/index.php?rest_route=%2Fwp%2Fv2%2Fproduct_tag&post=20989"}],"curies":[{"name":"wp","href":"https:\/\/api.w.org\/{rel}","templated":true}]}}